{"id":9,"date":"2022-09-11T16:06:55","date_gmt":"2022-09-11T19:06:55","guid":{"rendered":"http:\/\/serviagro.cl\/?page_id=9"},"modified":"2024-12-03T15:19:49","modified_gmt":"2024-12-03T18:19:49","slug":"quienes-somos","status":"publish","type":"page","link":"https:\/\/serviagro.cl\/en\/quienes-somos\/","title":{"rendered":"About us"},"content":{"rendered":"<div class=\"wp-block-columns alignfull no-padding sin-espacio-arriba is-layout-flex wp-container-core-columns-is-layout-844b08ec wp-block-columns-is-layout-flex\" style=\"padding-top:2px\">\n<div class=\"wp-block-column is-layout-flow wp-block-column-is-layout-flow\" style=\"flex-basis:100%\">\n<\/div>\n<\/div>\n\n\n\n<div style=\"height:10px\" aria-hidden=\"true\" class=\"wp-block-spacer\"><\/div>\n\n\n\n<div class=\"wp-block-columns alignwide is-layout-flex wp-container-core-columns-is-layout-28f84493 wp-block-columns-is-layout-flex\">\n<div class=\"wp-block-column is-layout-flow wp-block-column-is-layout-flow\" style=\"flex-basis:100%\">\n<figure class=\"wp-block-image aligncenter size-medium is-resized\"><img loading=\"lazy\" decoding=\"async\" width=\"300\" height=\"300\" src=\"http:\/\/serviagro.cl\/wp-content\/uploads\/2022\/09\/Serviagro-favicon-300x300.png\" alt=\"\" class=\"wp-image-45\" style=\"width:75px;height:75px\" srcset=\"https:\/\/serviagro.cl\/wp-content\/uploads\/2022\/09\/Serviagro-favicon-300x300.png 300w, https:\/\/serviagro.cl\/wp-content\/uploads\/2022\/09\/Serviagro-favicon-150x150.png 150w, https:\/\/serviagro.cl\/wp-content\/uploads\/2022\/09\/Serviagro-favicon.png 400w\" sizes=\"auto, (max-width: 300px) 100vw, 300px\" \/><\/figure>\n\n\n\n<div style=\"height:10px\" aria-hidden=\"true\" class=\"wp-block-spacer\"><\/div>\n\n\n\n<div class=\"wp-block-columns is-layout-flex wp-container-core-columns-is-layout-28f84493 wp-block-columns-is-layout-flex\">\n<div class=\"wp-block-column is-layout-constrained wp-block-column-is-layout-constrained\" style=\"flex-basis:66%\">\n<h6 class=\"wp-block-heading has-text-align-left has-cyan-bluish-gray-color has-text-color\"><strong>Us<\/strong><\/h6>\n\n\n\n<hr class=\"wp-block-separator has-text-color has-cyan-bluish-gray-color has-alpha-channel-opacity has-cyan-bluish-gray-background-color has-background is-style-wide\"\/>\n\n\n\n<p><strong>SERVIAGRO PROPIEDADES \u00ae<\/strong>, sin\u00f3nimo de prestigio, tradici\u00f3n y buen servicio, fundada en el a\u00f1o 1975 por la uni\u00f3n de dos empresarios Rodrigo P\u00e9rez Fern\u00e1ndez y Manuel Francisco Izquierdo Fern\u00e1ndez; quienes ven una gran posibilidad de aplicar toda su experiencia en la gesti\u00f3n y venta de propiedades, adjudic\u00e1ndose varias de las propuestas p\u00fablicas para Rematar y Licitar bienes inmuebles de empresas estatales como la Corporaci\u00f3n Nacional Forestal, Corporaci\u00f3n de Reforma Agraria, Eca, Servicio Agr\u00edcola y Ganadero, Banco Central, entre otros; lo que dio el inicio a una gran corredora de propiedades que ha logrado concretar la compra, venta y arriendos de m\u00e1s de 11.500 propiedades.<\/p>\n\n\n\n<p>Since 1988 it has been a family business where Mr. Rodrigo P\u00e9rez Fern\u00e1ndez and his sons Rodrigo and Mauricio P\u00e9rez Labb\u00e9 participate.<\/p>\n\n\n\n<div style=\"height:20px\" aria-hidden=\"true\" class=\"wp-block-spacer\"><\/div>\n\n\n\n<h6 class=\"wp-block-heading has-text-align-left has-cyan-bluish-gray-color has-text-color\"><strong>OUR TRAJECTORY:<\/strong><\/h6>\n\n\n\n<hr class=\"wp-block-separator has-text-color has-cyan-bluish-gray-color has-alpha-channel-opacity has-cyan-bluish-gray-background-color has-background is-style-wide\"\/>\n\n\n\n<p>Since its inception, it has had a select group of professionals in the most diverse areas, with representatives throughout Chile, Uruguay, Peru and the United States, providing a comprehensive service for the purchase, sale or lease of Agricultural, Real Estate, Commercial properties. , industrial and tourist. Currently, our target market is mainly the purchase and sale of high value properties for the development of agricultural, real estate or investment projects (rents), seeking to differentiate itself through its good service, seriousness and professionalism.<\/p>\n\n\n\n<p>The experience and results of this long history guarantee us, being an essential part to achieve it, its team of professionals, as well as the clients who have trusted us for so many years.<\/p>\n\n\n\n<p>As of 2008 and by special invitation, it has become part of the ACOP Property Brokers Association.<\/p>\n<\/div>\n\n\n\n<div class=\"wp-block-column is-layout-constrained wp-block-column-is-layout-constrained\" style=\"flex-basis:33%\">\n<div class=\"wp-block-cover\" style=\"min-height:100%;aspect-ratio:unset;\"><span aria-hidden=\"true\" class=\"wp-block-cover__background has-background-dim-0 has-background-dim\"><\/span><img loading=\"lazy\" decoding=\"async\" width=\"1440\" height=\"1920\" class=\"wp-block-cover__image-background wp-image-3009\" alt=\"\" src=\"http:\/\/serviagro.cl\/wp-content\/uploads\/2022\/11\/quienes-somos-totem.jpg\" data-object-fit=\"cover\"\/><div class=\"wp-block-cover__inner-container is-layout-flow wp-block-cover-is-layout-flow\">\n<p class=\"has-text-align-center has-large-font-size\"><\/p>\n\n\n\n<div style=\"height:600px\" aria-hidden=\"true\" class=\"wp-block-spacer\"><\/div>\n<\/div><\/div>\n<\/div>\n<\/div>\n<\/div>\n<\/div>","protected":false},"excerpt":{"rendered":"<p>NOSOTROS: SERVIAGRO PROPIEDADES \u00ae, sin\u00f3nimo de prestigio, tradici\u00f3n y buen servicio, fundada en el a\u00f1o 1975 por la uni\u00f3n de dos empresarios Rodrigo P\u00e9rez Fern\u00e1ndez y Manuel Francisco Izquierdo Fern\u00e1ndez; quienes ven una gran posibilidad de aplicar toda su experiencia en la gesti\u00f3n y venta de propiedades, adjudic\u00e1ndose varias de las propuestas p\u00fablicas para Rematar [&hellip;]<\/p>","protected":false},"author":1,"featured_media":0,"parent":0,"menu_order":0,"comment_status":"closed","ping_status":"closed","template":"","meta":{"footnotes":""},"class_list":["post-9","page","type-page","status-publish","hentry"],"_links":{"self":[{"href":"https:\/\/serviagro.cl\/en\/wp-json\/wp\/v2\/pages\/9","targetHints":{"allow":["GET"]}}],"collection":[{"href":"https:\/\/serviagro.cl\/en\/wp-json\/wp\/v2\/pages"}],"about":[{"href":"https:\/\/serviagro.cl\/en\/wp-json\/wp\/v2\/types\/page"}],"author":[{"embeddable":true,"href":"https:\/\/serviagro.cl\/en\/wp-json\/wp\/v2\/users\/1"}],"replies":[{"embeddable":true,"href":"https:\/\/serviagro.cl\/en\/wp-json\/wp\/v2\/comments?post=9"}],"version-history":[{"count":127,"href":"https:\/\/serviagro.cl\/en\/wp-json\/wp\/v2\/pages\/9\/revisions"}],"predecessor-version":[{"id":5832,"href":"https:\/\/serviagro.cl\/en\/wp-json\/wp\/v2\/pages\/9\/revisions\/5832"}],"wp:attachment":[{"href":"https:\/\/serviagro.cl\/en\/wp-json\/wp\/v2\/media?parent=9"}],"curies":[{"name":"wp","href":"https:\/\/api.w.org\/{rel}","templated":true}]}}