{"id":19,"date":"2022-09-11T16:07:48","date_gmt":"2022-09-11T19:07:48","guid":{"rendered":"http:\/\/serviagro.cl\/?page_id=19"},"modified":"2022-11-18T17:51:58","modified_gmt":"2022-11-18T20:51:58","slug":"clientes","status":"publish","type":"page","link":"https:\/\/serviagro.cl\/en\/clientes\/","title":{"rendered":"Clients"},"content":{"rendered":"<div class=\"wp-block-columns alignfull no-padding sin-espacio-arriba is-layout-flex wp-container-core-columns-is-layout-844b08ec wp-block-columns-is-layout-flex\" style=\"padding-top:2px\">\n<div class=\"wp-block-column is-layout-flow wp-block-column-is-layout-flow\" style=\"flex-basis:100%\">\n<\/div>\n<\/div>\n\n\n\n<div style=\"height:10px\" aria-hidden=\"true\" class=\"wp-block-spacer\"><\/div>\n\n\n\n<div class=\"wp-block-columns alignwide is-layout-flex wp-container-core-columns-is-layout-28f84493 wp-block-columns-is-layout-flex\">\n<div class=\"wp-block-column is-layout-flow wp-block-column-is-layout-flow\" style=\"flex-basis:100%\">\n<h6 class=\"has-text-align-left has-cyan-bluish-gray-color has-text-color wp-block-heading\">Our clients:<\/h6>\n\n\n\n<p>The largest value of&nbsp;<strong>SERVIAGRO PROPIEDADES\u00ae<\/strong>, it is their clients who continue to prefer us when buying or selling their properties, among which are the main public and private companies in the country, as well as businessmen and investors from the most diverse fields, among which we can point out :<\/p>\n\n\n\n<div style=\"height:5px\" aria-hidden=\"true\" class=\"wp-block-spacer\"><\/div>\n\n\n\n<hr class=\"wp-block-separator has-text-color has-tertiary-color has-alpha-channel-opacity has-tertiary-background-color has-background is-style-wide\"\/>\n\n\n\n<div style=\"height:5px\" aria-hidden=\"true\" class=\"wp-block-spacer\"><\/div>\n\n\n\n<div class=\"wp-block-columns is-layout-flex wp-container-core-columns-is-layout-28f84493 wp-block-columns-is-layout-flex\">\n<div class=\"wp-block-column is-layout-flow wp-block-column-is-layout-flow\">\n<h6 class=\"has-71-font-size has-cyan-bluish-gray-color has-text-color wp-block-heading\">A<\/h6>\n\n\n\n<ul class=\"wp-block-list\" style=\"font-size:0.9rem\">\n<li>Adelco S.A. &#8211; Paulman, Jurgen.<\/li>\n\n\n\n<li>Administradora El Ma\u00f1io Limitada<\/li>\n\n\n\n<li>Agr\u00edcola Altamira Limitada<\/li>\n\n\n\n<li>Agr\u00edcola Ariztia S.A.<\/li>\n\n\n\n<li>Agr\u00edcola Ballerina S.A.<\/li>\n\n\n\n<li>Agr\u00edcola Balovento Limitada<\/li>\n\n\n\n<li>Agr\u00edcola Baracaldo S.A<\/li>\n\n\n\n<li>Agr\u00edcola Chorombo S.A<\/li>\n\n\n\n<li>Agr\u00edcola Cran Chile Limitada<\/li>\n\n\n\n<li>Agr\u00edcola Don Pollo Limitada<\/li>\n\n\n\n<li>Agr\u00edcola e Inmobiliaria Las Pircas Limitada<\/li>\n\n\n\n<li>Agr\u00edcola e Inversiones Invergaf Limitada<\/li>\n\n\n\n<li>Agr\u00edcola El Canelo Limitada<\/li>\n\n\n\n<li>Agr\u00edcola Esmeralda S.A<\/li>\n\n\n\n<li>Agr\u00edcola Frutos del Sol Limitada<\/li>\n\n\n\n<li>Agr\u00edcola Huillinco SpA &#8211; Felipe del R\u00edo Goudie<\/li>\n\n\n\n<li>Agr\u00edcola Kaban Limitada<\/li>\n\n\n\n<li>Agr\u00edcola La Pesebrera SpA &#8211; Familia Barros<\/li>\n\n\n\n<li>Agr\u00edcola La Rinconada de Calera de Tango &#8211; Grupo Baertl<\/li>\n\n\n\n<li>Agr\u00edcola Las Pataguas Limitada<\/li>\n\n\n\n<li>Agr\u00edcola Los Socios Limitada<\/li>\n\n\n\n<li>Agr\u00edcola Manquehue S.A &#8211; Familia Rabat Vilaplana<\/li>\n\n\n\n<li>Agr\u00edcola Martina Limitada<\/li>\n\n\n\n<li>Agr\u00edcola Retamo Limitada<\/li>\n\n\n\n<li>Agr\u00edcola San Andr\u00e9s \u2013 Francisco P\u00e9rez Yoma<\/li>\n\n\n\n<li>Agr\u00edcola San Clemente Limitada<\/li>\n\n\n\n<li>Agr\u00edcola San Juan de Huinca Limitada<\/li>\n\n\n\n<li>Agr\u00edcola Siemel Limitada &#8211; Grupo Angelini<\/li>\n\n\n\n<li>Agr\u00edcola Spoleto SpA &#8211; Fondo Inversi\u00f3n.<\/li>\n\n\n\n<li>Agr\u00edcola Trani SpA<\/li>\n\n\n\n<li>Agricola UAC Limitada &#8211; Del Monte Fresh Produce S.A.<\/li>\n\n\n\n<li>Agr\u00edcola Villaseca Ltda. &#8211; Jos\u00e9 Miguel Pereira Yrarrazabal<\/li>\n\n\n\n<li>Agr\u00edcola y Forestal La Aguada Ltda<\/li>\n\n\n\n<li>Agrosuper S.A<\/li>\n\n\n\n<li>Agrozzi S.A.<\/li>\n\n\n\n<li>Alamos A., Rodrigo<\/li>\n\n\n\n<li>Alfonso Duval D\u00e9lano<\/li>\n\n\n\n<li>Armco &#8211; Instapanel<\/li>\n\n\n\n<li>Arnaiz Johnson, Juan Rafael<\/li>\n\n\n\n<li>Arrocera Orsini Hermanos<\/li>\n\n\n\n<li>Arteaga Oehninger, Gerardo<\/li>\n\n\n\n<li>Aserraderos Los Robles Limitada<\/li>\n\n\n\n<li>Asociaci\u00f3n de Gu\u00edas y Scouts de Chile<\/li>\n\n\n\n<li>Asociaci\u00f3n Nacional de Ahorro y Pr\u00e9stamo A.N.A.P.<\/li>\n\n\n\n<li>Asset AGF | Administradora General de Fondos S.A.<\/li>\n\n\n\n<li>Az\u00f3car Bustamante, Carlos<\/li>\n<\/ul>\n\n\n\n<h6 class=\"has-cyan-bluish-gray-color has-text-color wp-block-heading\">B<\/h6>\n\n\n\n<ul class=\"wp-block-list\" style=\"font-size:0.9rem\">\n<li>Banco BHIF<\/li>\n\n\n\n<li>Banco de Talca<\/li>\n\n\n\n<li>Banco Espa\u00f1ol-Chile en Liquidaci\u00f3n<\/li>\n\n\n\n<li>Banco Santander<\/li>\n\n\n\n<li>Banco Security<\/li>\n\n\n\n<li>Barros Ruiz-Tagle, Sergio<\/li>\n\n\n\n<li>Bodegas San Francisco<\/li>\n\n\n\n<li>Boffil de Caso, Gonzalo<\/li>\n\n\n\n<li>Borbolla Valcarcel, Fernando<\/li>\n<\/ul>\n\n\n\n<h6 class=\"has-cyan-bluish-gray-color has-text-color wp-block-heading\">C<\/h6>\n\n\n\n<ul class=\"wp-block-list\" style=\"font-size:0.9rem\">\n<li>Caja Central de Ahorro y Pr\u00e9stamo<\/li>\n\n\n\n<li>Caja de Previsi\u00f3n de Empleados Particulares<\/li>\n\n\n\n<li>Caja de Previsi\u00f3n de Ferrocarriles del Estado<\/li>\n\n\n\n<li>Caja Nacional de Empleados P\u00fablicos y Periodistas<\/li>\n\n\n\n<li>Campillay Rojas, Omar Alberto<\/li>\n\n\n\n<li>Cardone Solari, Rafael<\/li>\n\n\n\n<li>Cimenta S.A., Administradora General de Fondos<\/li>\n\n\n\n<li>Colchones Rosen<\/li>\n\n\n\n<li>Compa\u00f1\u00eda de Inversiones y Desarrollo Sur Ltda. &#8211; Wolfgang St\u00f6rhn<\/li>\n\n\n\n<li>Compa\u00f1\u00eda de Petr\u00f3leos de Chile Copec S.A.<\/li>\n\n\n\n<li>Compa\u00f1\u00eda Manufacturera de Papeles y Cartones<\/li>\n\n\n\n<li>Compa\u00f1\u00eda Sud Am\u00e9ricana de Vapores<\/li>\n\n\n\n<li>Concha Ureta, Alfredo.<\/li>\n\n\n\n<li>Concha Ureta, Juan Enrique.<\/li>\n\n\n\n<li>Constructora Castellani &amp; Mu\u00f1oz<\/li>\n\n\n\n<li>Constructora e Inmobiliaria Purranque Ltda &#8211; Strips Centers &#8211; Maui &amp; Sons<\/li>\n\n\n\n<li>Constructora Pacal S.A.<\/li>\n\n\n\n<li>Constructora Sironvalle<\/li>\n\n\n\n<li>Cooper Alan, Michael<\/li>\n\n\n\n<li>Corporaci\u00f3n Nacional Forestal C.O.N.A.F.<\/li>\n\n\n\n<li>Cotaco S.A.<\/li>\n\n\n\n<li>Cox Vial, Juan Eduardo<\/li>\n<\/ul>\n\n\n\n<h6 class=\"has-cyan-bluish-gray-color has-text-color wp-block-heading\">D<\/h6>\n\n\n\n<ul class=\"wp-block-list\" style=\"font-size:0.9rem\">\n<li>De Iruarrizaga Samaniego, Javier<\/li>\n\n\n\n<li>De Iruarrizaga Samaniego, Pablo<\/li>\n\n\n\n<li>Deloitte &amp; Touche<\/li>\n\n\n\n<li>Desarrollos Urbanos S.A<\/li>\n\n\n\n<li>Dimacofi S.A.<\/li>\n\n\n\n<li>Distribuidora de Combustibles Chena S.A<\/li>\n\n\n\n<li>Distribuidora de Huevos Cinta Azul<\/li>\n\n\n\n<li>Distribuidora Rabie<\/li>\n\n\n\n<li>Dosal Hermanos S.A.<\/li>\n<\/ul>\n\n\n\n<h6 class=\"has-cyan-bluish-gray-color has-text-color wp-block-heading\">e<\/h6>\n\n\n\n<ul class=\"wp-block-list\" style=\"font-size:0.9rem\">\n<li>Edurne Limitada<\/li>\n\n\n\n<li>Empresa Nacional de Comercio &#8211; E.C.A<\/li>\n\n\n\n<li>Empresa Nacional del Petr\u00f3leo &#8211; E.N.A.P.<\/li>\n\n\n\n<li>Empresas Arizt\u00eda S.A.<\/li>\n\n\n\n<li>Empresas Tamarugal &#8211; Omar Campillay Rojas<\/li>\n\n\n\n<li>Euro Corp S.A.<\/li>\n\n\n\n<li>Ex-Corporaci\u00f3n de la Reforma Agraria- C.O.R.A.<\/li>\n\n\n\n<li>Exporadora Rucaray S.A.<\/li>\n\n\n\n<li>Exportadora Agromar S.A. &#8211; Omar Hadad Heresi<\/li>\n\n\n\n<li>Exportadora La Higuera S.A. &#8211; Cristi\u00e1n Covarrubias Morand\u00e9<\/li>\n\n\n\n<li>Exportadora Subsole S.A.<\/li>\n<\/ul>\n\n\n\n<h6 class=\"has-cyan-bluish-gray-color has-text-color wp-block-heading\">F<\/h6>\n\n\n\n<ul class=\"wp-block-list\" style=\"font-size:0.9rem\">\n<li>Familia Ebel Westoff y Otros<\/li>\n\n\n\n<li>Familia Fern\u00e1ndez Recard<\/li>\n\n\n\n<li>Familia Ljubetic Radman<\/li>\n\n\n\n<li>Familia Ried Undurraga<\/li>\n\n\n\n<li>Familias Zald\u00edvar Larra\u00edn, Achurra Larra\u00edn y otros<\/li>\n\n\n\n<li>Fantasilandia S.A.<\/li>\n\n\n\n<li>Fern\u00e1ndez Le\u00f3n, Arturo<\/li>\n\n\n\n<li>Fern\u00e1ndez Le\u00f3n, Eduardo<\/li>\n\n\n\n<li>Fern\u00e1ndez Le\u00f3n, Luis Alberto<\/li>\n\n\n\n<li>Fern\u00e1ndez Le\u00f3n, Mar\u00eda del Pilar<\/li>\n\n\n\n<li>Fern\u00e1ndez Mac Auliffe, Tom\u00e1s<\/li>\n\n\n\n<li>Fern\u00e1ndez Riesco, Rodrigo<\/li>\n\n\n\n<li>Firestone S.A.<\/li>\n\n\n\n<li>Forestal Arauco<\/li>\n\n\n\n<li>Forestal Cholg\u00faan<\/li>\n\n\n\n<li>Friofruta S.A.<\/li>\n\n\n\n<li>Frutanex<\/li>\n\n\n\n<li>Frut\u00edcola Agrichile S.A.<\/li>\n\n\n\n<li>Frut\u00edcola Jos\u00e9 Soler S.A.<\/li>\n\n\n\n<li>Frut\u00edcola Top Frut Limitada<\/li>\n\n\n\n<li>Frut\u00edcola Viconto S.A<\/li>\n\n\n\n<li>Fundaci\u00f3n Ni\u00f1o y Patria de Carabineros<\/li>\n<\/ul>\n\n\n\n<h6 class=\"has-cyan-bluish-gray-color has-text-color wp-block-heading\">G<\/h6>\n\n\n\n<ul class=\"wp-block-list\" style=\"font-size:0.9rem\">\n<li>Gonz\u00e1lez Figari, Pablo Vicente<\/li>\n\n\n\n<li>Grupo Mall Plaza<\/li>\n<\/ul>\n\n\n\n<h6 class=\"has-cyan-bluish-gray-color has-text-color wp-block-heading\"><strong>H<\/strong><\/h6>\n\n\n\n<ul class=\"wp-block-list\" style=\"font-size:0.9rem\">\n<li>Holding Lepanto<\/li>\n\n\n\n<li>Horn Feja, Franziskus &#8211; Fosfoquim S.A. &#8211; Passau S.A.<\/li>\n<\/ul>\n<\/div>\n\n\n\n<div class=\"wp-block-column is-layout-flow wp-block-column-is-layout-flow\">\n<h6 class=\"has-cyan-bluish-gray-color has-text-color wp-block-heading\">I<\/h6>\n\n\n\n<ul class=\"wp-block-list\" id=\"block-22206dd1-6b40-457a-b066-2a92b9448cd8\" style=\"font-size:0.9rem\">\n<li>Incal Limitada.<\/li>\n\n\n\n<li>Inmobilairia FPY S.A.<\/li>\n\n\n\n<li>Inmobiliaria B\u00edo-B\u00edo S.A.<\/li>\n\n\n\n<li>Inmobiliaria Brotec S.A.<\/li>\n\n\n\n<li>Inmobiliaria Copeva S.A.<\/li>\n\n\n\n<li>Inmobiliaria Cruz Blanca<\/li>\n\n\n\n<li>Inmobiliaria e Inversiones los Maitos Limitada<\/li>\n\n\n\n<li>Inmobiliaria e Inversiones Qulicura S.A &#8211; Joaqu\u00edn Achurra Larra\u00edn<\/li>\n\n\n\n<li>Inmobiliaria e Inversiones Tornin S.p.A.<\/li>\n\n\n\n<li>Inmobiliaria El Arrayan Ltda &#8211; Strips Centers &#8211; Oscar Massera<\/li>\n\n\n\n<li>Inmobiliaria El Olmo S.A.<\/li>\n\n\n\n<li>Inmobiliaria Enaco S.A.<\/li>\n\n\n\n<li>Inmobiliaria FFV S.A.<\/li>\n\n\n\n<li>Inmobiliaria Geosal S.A.<\/li>\n\n\n\n<li>Inmobiliaria Icafal S.A.<\/li>\n\n\n\n<li>Inmobiliaria Lo Blanco S.A.<\/li>\n\n\n\n<li>Inmobiliaria Los Guris S.A.<\/li>\n\n\n\n<li>Inmobiliaria Maestra S.A. &#8211;<\/li>\n\n\n\n<li>Inmobiliaria Mar\u00edtima Portuaria Limitada<\/li>\n\n\n\n<li>Inmobiliaria Pilares S.A.<\/li>\n\n\n\n<li>Inmobiliaria Puangue Limitada<\/li>\n\n\n\n<li>Inmobiliaria Santa Ana Limitada, Carlos Montrone Pl\u00e1<\/li>\n\n\n\n<li>Inmobiliaria Sercotal SpA<\/li>\n\n\n\n<li>Inmobiliaria Socovesa Santiago S.A.<\/li>\n\n\n\n<li>Inmobiliaria Socovesa Viviendas Sociales S.A.<\/li>\n\n\n\n<li>Inmobiliaria Vertical S.A.<\/li>\n\n\n\n<li>Inmobiliaria y Constructora Los Alpes Ltda &#8211; Empresas Multimaq<\/li>\n\n\n\n<li>Inmobiliaria y Constructora Puerta del Sol S.A.- Diego Fern\u00e1ndez Riesco<\/li>\n\n\n\n<li>Inversiones A y D Limitada<\/li>\n\n\n\n<li>Inversiones Antupillan<\/li>\n\n\n\n<li>Inversiones \u00c1ttica, Juan Vicu\u00f1a<\/li>\n\n\n\n<li>Inversiones Corso S.A.<\/li>\n\n\n\n<li>Inversiones del Mar S.A<\/li>\n\n\n\n<li>Inversiones e Inmobiliaria Luz S.A.<\/li>\n\n\n\n<li>Inversiones El Alarife Limitada<\/li>\n\n\n\n<li>Inversiones El Molino de Santa Rosa S.A.<\/li>\n\n\n\n<li>Inversiones HP S.A.<\/li>\n\n\n\n<li>Inversiones Jose Miguel Limitada<\/li>\n\n\n\n<li>Inversiones Quildos Limitada<\/li>\n\n\n\n<li>Inversiones Rayantu S.A.<\/li>\n\n\n\n<li>Inversiones San Jorge S.A. &#8211; Jos\u00e9 Miguel Manzur Yanine<\/li>\n\n\n\n<li>Inversiones Santa Amalia &#8211; Grupo Kraus &#8211; Larra\u00edn<\/li>\n\n\n\n<li>Inversiones Talquilla Limitada<\/li>\n\n\n\n<li>Inversiones y Asesor\u00edas Do\u00f1a Mercedes Ltda.<\/li>\n\n\n\n<li>Izquierdo Besa, Juan<\/li>\n\n\n\n<li>Izquierdo Phillips, Roberto<\/li>\n<\/ul>\n\n\n\n<h6 class=\"has-cyan-bluish-gray-color has-text-color wp-block-heading\">K<\/h6>\n\n\n\n<ul class=\"wp-block-list\" id=\"block-22206dd1-6b40-457a-b066-2a92b9448cd8\" style=\"font-size:0.9rem\">\n<li>Kraus Larra\u00edn, Richard<\/li>\n<\/ul>\n\n\n\n<h6 class=\"has-cyan-bluish-gray-color has-text-color wp-block-heading\">L<\/h6>\n\n\n\n<ul class=\"wp-block-list\" id=\"block-22206dd1-6b40-457a-b066-2a92b9448cd8\" style=\"font-size:0.9rem\">\n<li>La Oferta &#8211; Jos\u00e9 Gracia Baretto<\/li>\n\n\n\n<li>La Oferta &#8211; Marco Antonio Gracia Baretto<\/li>\n\n\n\n<li>Laboratorio Ballerina S.A<\/li>\n\n\n\n<li>Las 6 Hermanas Sociedad Inmobiliaria Limitada<\/li>\n\n\n\n<li>Las Mercedes, Asesor\u00edas e Inversiones Limitada<\/li>\n\n\n\n<li>Luksic Abaroa, Andr\u00f3nico<\/li>\n\n\n\n<li>Luksic Abaroa, Vladimir<\/li>\n<\/ul>\n\n\n\n<h6 class=\"has-cyan-bluish-gray-color has-text-color wp-block-heading\">M<\/h6>\n\n\n\n<ul class=\"wp-block-list\" id=\"block-22206dd1-6b40-457a-b066-2a92b9448cd8\" style=\"font-size:0.9rem\">\n<li>Molino y Fideos Carozzi<\/li>\n\n\n\n<li>Molinos Ferrer Hermanos<\/li>\n\n\n\n<li>Monpla S.A.<\/li>\n\n\n\n<li>Moreno Aguirre, Jos\u00e9<\/li>\n<\/ul>\n\n\n\n<h6 class=\"has-cyan-bluish-gray-color has-text-color wp-block-heading\">N<\/h6>\n\n\n\n<ul class=\"wp-block-list\" id=\"block-22206dd1-6b40-457a-b066-2a92b9448cd8\" style=\"font-size:0.9rem\">\n<li>Naser Psel, Jorge Eduardo<\/li>\n\n\n\n<li>New Farm Forestry SpA &#8211; Mr. Roger Keane<\/li>\n\n\n\n<li>New Providence<\/li>\n<\/ul>\n\n\n\n<h6 class=\"has-cyan-bluish-gray-color has-text-color wp-block-heading\">O<\/h6>\n\n\n\n<ul class=\"wp-block-list\" id=\"block-22206dd1-6b40-457a-b066-2a92b9448cd8\" style=\"font-size:0.9rem\">\n<li>Oficina de Normalizaci\u00f3n Agraria &#8211; O.D.E.N.A.<\/li>\n\n\n\n<li>Olave Carrasco, Elvio.<\/li>\n<\/ul>\n\n\n\n<h6 class=\"has-cyan-bluish-gray-color has-text-color wp-block-heading\">P<\/h6>\n\n\n\n<ul class=\"wp-block-list\" id=\"block-22206dd1-6b40-457a-b066-2a92b9448cd8\" style=\"font-size:0.9rem\">\n<li>Passau S.A. &#8211; Franciskus Horn Feja<\/li>\n\n\n\n<li>Petoseed Co. Chile Limitada<\/li>\n\n\n\n<li>Philipp Gregory Leutwyler<\/li>\n\n\n\n<li>Pinturas Iris<\/li>\n\n\n\n<li>Premium Wines S.A.<\/li>\n<\/ul>\n\n\n\n<h6 class=\"has-cyan-bluish-gray-color has-text-color wp-block-heading\">R<\/h6>\n\n\n\n<ul class=\"wp-block-list\" id=\"block-22206dd1-6b40-457a-b066-2a92b9448cd8\" style=\"font-size:0.9rem\">\n<li>Radiodifusora Infinita Ltda., Ricardo Bezanilla Renovales.<\/li>\n\n\n\n<li>Rentas Cerro Talami<\/li>\n\n\n\n<li>Rentas Urbanas S.A.<\/li>\n\n\n\n<li>Ricardo Arizt\u00eda de Castro<\/li>\n\n\n\n<li>Risopatron I\u00f1iguez, Andr\u00e9s<\/li>\n\n\n\n<li>Ruiz-Tagle Fern\u00e1ndez, Sergio<\/li>\n<\/ul>\n\n\n\n<h6 class=\"has-cyan-bluish-gray-color has-text-color wp-block-heading\">S<\/h6>\n\n\n\n<ul class=\"wp-block-list\" id=\"block-22206dd1-6b40-457a-b066-2a92b9448cd8\" style=\"font-size:0.9rem\">\n<li>San Miguel SpA &#8211; Consorcio Colina<\/li>\n\n\n\n<li>Semillas Seminis Sudam\u00e9rica Limitada<\/li>\n\n\n\n<li>Servicio Agr\u00edcola y Ganadero &#8211; S.A.G.<\/li>\n\n\n\n<li>Sigdo Koppers &#8211; Mosaico<\/li>\n\n\n\n<li>Silvano Casagrande Motori<\/li>\n\n\n\n<li>Silver Palisadez Inc &#8211; Grupo Peruano<\/li>\n\n\n\n<li>Soc Agr\u00edcola Lomas Altas Ltda &#8211; Rafael Covarrubias Vives<\/li>\n\n\n\n<li>Soc. Constructora, Inversiones e Inmobiliaria Emalchi Ltda. &#8211; Alberto Amo Chapple<\/li>\n\n\n\n<li>Sociedad Agr\u00edcola e Inversiones Milagros S.A<\/li>\n\n\n\n<li>Sociedad Agr\u00edcola Norterra Limitada<\/li>\n\n\n\n<li>Sociedad Agr\u00edcola Valtelina Ltda &#8211; Lothar Meier<\/li>\n\n\n\n<li>Sociedad Agr\u00edcola y Ganadera Maule Sur Limitada<\/li>\n\n\n\n<li>Sociedad Comercial e Inmobiliaria El Coigue Ltda.<\/li>\n\n\n\n<li>Sociedad Comercial Itahue Ltda.<\/li>\n\n\n\n<li>Sociedad Forestal S.A.<\/li>\n\n\n\n<li>Solfrut S.A. &#8211;<\/li>\n\n\n\n<li>Spoerer de la Sotta, Juan Eduardo<\/li>\n\n\n\n<li>Sucesi\u00f3n Fern\u00e1ndez Err\u00e1zuriz<\/li>\n\n\n\n<li>Sucesi\u00f3n Fueyo Daneri<\/li>\n\n\n\n<li>Supermercados Puerto Cristo.<\/li>\n<\/ul>\n\n\n\n<h6 class=\"has-cyan-bluish-gray-color has-text-color wp-block-heading\">u<\/h6>\n\n\n\n<ul class=\"wp-block-list\" id=\"block-22206dd1-6b40-457a-b066-2a92b9448cd8\" style=\"font-size:0.9rem\">\n<li>Undurraga Mackenna, Alfonso<\/li>\n\n\n\n<li>Universidad Inacap S.A.<\/li>\n\n\n\n<li>Urban Gestion Inmobiliaria<\/li>\n<\/ul>\n\n\n\n<h6 class=\"has-cyan-bluish-gray-color has-text-color wp-block-heading\">v<\/h6>\n\n\n\n<ul class=\"wp-block-list\" id=\"block-22206dd1-6b40-457a-b066-2a92b9448cd8\" style=\"font-size:0.9rem\">\n<li>Valle Grande S.A &#8211; Grupo Angelini<\/li>\n\n\n\n<li>Vinos Santa Ema S.A. &#8211; Andr\u00e9s Sanhueza Rojas<\/li>\n\n\n\n<li>Vi\u00f1a Concha y Toro S.A.<\/li>\n\n\n\n<li>Vi\u00f1a Koyle S.A.<\/li>\n\n\n\n<li>Vi\u00f1a Undurraga S.A.<\/li>\n\n\n\n<li>Vi\u00f1edos y Bodegas Las Pircas S.A.<\/li>\n\n\n\n<li>Viveros Requ\u00ednoa &#8211; Juan Enrique Concha Ureta<\/li>\n<\/ul>\n\n\n\n<h6 class=\"has-cyan-bluish-gray-color has-text-color wp-block-heading\">y<\/h6>\n\n\n\n<ul class=\"wp-block-list\" id=\"block-22206dd1-6b40-457a-b066-2a92b9448cd8\" style=\"font-size:0.9rem\">\n<li>Yarur Elsaca, Daniel<\/li>\n<\/ul>\n<\/div>\n<\/div>\n\n\n\n<div style=\"height:10px\" aria-hidden=\"true\" class=\"wp-block-spacer\"><\/div>\n\n\n\n<div class=\"wp-block-columns alignwide is-layout-flex wp-container-core-columns-is-layout-28f84493 wp-block-columns-is-layout-flex\">\n<div class=\"wp-block-column is-layout-flow wp-block-column-is-layout-flow\" style=\"flex-basis:100%\">\n<p class=\"has-text-align-right has-text-color has-large-font-size\" style=\"color:#8c8f9e;font-style:normal;font-weight:400\"><em>Among others\u2026<\/em><\/p>\n<\/div>\n<\/div>\n<\/div>\n<\/div>","protected":false},"excerpt":{"rendered":"<p>Nuestros clientes: El mayor valor de&nbsp;SERVIAGRO PROPIEDADES\u00ae, son sus clientes, quienes nos siguen prefiriendo a la hora de comprar o vender sus propiedades, entre los cuales est\u00e1n las principales empresas p\u00fablicas y privadas del pa\u00eds, como as\u00ed tambi\u00e9n, empresarios e inversionistas de los m\u00e1s diversos rubros, entre los que podemos se\u00f1alar: A B C D [&hellip;]<\/p>","protected":false},"author":1,"featured_media":0,"parent":0,"menu_order":0,"comment_status":"closed","ping_status":"closed","template":"","meta":{"footnotes":""},"class_list":["post-19","page","type-page","status-publish","hentry"],"_links":{"self":[{"href":"https:\/\/serviagro.cl\/en\/wp-json\/wp\/v2\/pages\/19","targetHints":{"allow":["GET"]}}],"collection":[{"href":"https:\/\/serviagro.cl\/en\/wp-json\/wp\/v2\/pages"}],"about":[{"href":"https:\/\/serviagro.cl\/en\/wp-json\/wp\/v2\/types\/page"}],"author":[{"embeddable":true,"href":"https:\/\/serviagro.cl\/en\/wp-json\/wp\/v2\/users\/1"}],"replies":[{"embeddable":true,"href":"https:\/\/serviagro.cl\/en\/wp-json\/wp\/v2\/comments?post=19"}],"version-history":[{"count":63,"href":"https:\/\/serviagro.cl\/en\/wp-json\/wp\/v2\/pages\/19\/revisions"}],"predecessor-version":[{"id":3158,"href":"https:\/\/serviagro.cl\/en\/wp-json\/wp\/v2\/pages\/19\/revisions\/3158"}],"wp:attachment":[{"href":"https:\/\/serviagro.cl\/en\/wp-json\/wp\/v2\/media?parent=19"}],"curies":[{"name":"wp","href":"https:\/\/api.w.org\/{rel}","templated":true}]}}