{"id":13,"date":"2022-09-11T16:07:31","date_gmt":"2022-09-11T19:07:31","guid":{"rendered":"http:\/\/serviagro.cl\/?page_id=13"},"modified":"2023-05-21T17:35:58","modified_gmt":"2023-05-21T20:35:58","slug":"servicios","status":"publish","type":"page","link":"https:\/\/serviagro.cl\/en\/servicios\/","title":{"rendered":"Services"},"content":{"rendered":"<div class=\"wp-block-columns alignfull no-padding sin-espacio-arriba is-layout-flex wp-container-core-columns-is-layout-844b08ec wp-block-columns-is-layout-flex\" style=\"padding-top:2px\">\n<div class=\"wp-block-column is-layout-flow wp-block-column-is-layout-flow\" style=\"flex-basis:100%\">\n<\/div>\n<\/div>\n\n\n\n<div style=\"height:10px\" aria-hidden=\"true\" class=\"wp-block-spacer\"><\/div>\n\n\n\n<div class=\"wp-block-columns alignwide is-layout-flex wp-container-core-columns-is-layout-28f84493 wp-block-columns-is-layout-flex\">\n<div class=\"wp-block-column is-layout-flow wp-block-column-is-layout-flow\" style=\"flex-basis:20%\">\n<h6 class=\"wp-block-heading has-text-align-right has-cyan-bluish-gray-color has-text-color\"><strong>Our services:<\/strong><\/h6>\n<\/div>\n\n\n\n<div class=\"wp-block-column is-layout-flow wp-block-column-is-layout-flow\" style=\"flex-basis:80%\"><style>#sp-ea-2137 .spcollapsing { height: 0; overflow: hidden; transition-property: height;transition-duration: 150ms;}#sp-ea-2137.sp-easy-accordion>.sp-ea-single {margin-bottom: 10px; border: 1px solid #e2e2e2; }#sp-ea-2137.sp-easy-accordion>.sp-ea-single>.ea-header a {color: #444;}#sp-ea-2137.sp-easy-accordion>.sp-ea-single>.sp-collapse>.ea-body {background: #fff; color: #444;}#sp-ea-2137.sp-easy-accordion>.sp-ea-single {background: #eee;}#sp-ea-2137.sp-easy-accordion>.sp-ea-single>.ea-header a .ea-expand-icon { float: left; color: #999999;font-size: 12px;}<\/style><div id=\"sp_easy_accordion-1728659973\">\n<div id=\"sp-ea-2137\" class=\"sp-ea-one sp-easy-accordion\" data-ex-icon=\"minus\" data-col-icon=\"plus\" data-ea-active=\"ea-click\" data-ea-mode=\"vertical\" data-preloader=\"\" data-scroll-active-item=\"\" data-offset-to-scroll=\"0\">\n\t<!-- Start accordion card div. -->\n\t<div class=\"ea-card  sp-ea-single\">\n\t\t<!-- Start accordion header. -->\n\t\t<h3 class=\"ea-header\">\n\t\t\t<!-- Add anchor tag for header. -->\n\t\t\t<a class=\"collapsed\" id=\"ea-header-21370\" data-sptoggle=\"spcollapse\" data-sptarget=\"#collapse21370\" aria-controls=\"collapse21370\" href=\"#\"  aria-expanded=\"false\" tabindex=\"0\">\n\t\t\t<i class=\"ea-expand-icon ea-icon-expand-plus\"><\/i> Purchase and Sale of Properties\t\t\t<\/a> <!-- Close anchor tag for header. -->\n\t\t<\/h3>\t<!-- Close header tag. -->\n\t\t<!-- Start collapsible content div. -->\n\t\t<div class=\"sp-collapse spcollapse spcollapse\" id=\"collapse21370\" data-parent=\"#sp-ea-2137\" role=\"region\" aria-labelledby=\"ea-header-21370\">  <!-- Content div. -->\n\t\t\t<div class=\"ea-body\">\n\t\t\t<p><!-- wp:paragraph --><\/p>\n<p class=\"has-small-font-size\"><strong>Agricultural Properties:\u00a0<\/strong>Purchase and sale of agricultural properties, with their corresponding agronomic, forestry, topographic and irrigation studies. Allotment and subdivision projects, with their respective SAG or Ministry of Housing certification.<\/p>\n<p><!-- \/wp:paragraph --> <!-- wp:paragraph --><\/p>\n<p class=\"has-small-font-size\"><strong>Purchase and sale of real estate land<\/strong>: Purchase and sale of land to carry out real estate projects for houses, apartments, offices, industrial sites, supermarkets, strip centers, service stations, among others.<\/p>\n<p><!-- \/wp:paragraph --> <!-- wp:paragraph --><\/p>\n<p class=\"has-small-font-size translation-block\"><strong>Purchase and sale of urban properties: <\/strong> Purchase and sale of houses, apartments, offices, sites, commercial premises, etc.<\/p>\n<p><!-- \/wp:paragraph --> <!-- wp:paragraph --><\/p>\n<p class=\"has-small-font-size translation-block\">For more information, <a href=\"http:\/\/serviagro.cl\/en\/contacto\/\" target=\"_self\">contact us.<\/a><\/p>\n<p><!-- \/wp:paragraph --><\/p>\n\t\t\t<\/div> <!-- Close content div. -->\n\t\t<\/div> <!-- Close collapse div. -->\n\t<\/div> <!-- Close card div. -->\n\t\t<!-- Start accordion card div. -->\n\t<div class=\"ea-card  sp-ea-single\">\n\t\t<!-- Start accordion header. -->\n\t\t<h3 class=\"ea-header\">\n\t\t\t<!-- Add anchor tag for header. -->\n\t\t\t<a class=\"collapsed\" id=\"ea-header-21371\" data-sptoggle=\"spcollapse\" data-sptarget=\"#collapse21371\" aria-controls=\"collapse21371\" href=\"#\"  aria-expanded=\"false\" tabindex=\"0\">\n\t\t\t<i class=\"ea-expand-icon ea-icon-expand-plus\"><\/i> Subastas (Remates) y Licitaciones P\u00fablicas\t\t\t<\/a> <!-- Close anchor tag for header. -->\n\t\t<\/h3>\t<!-- Close header tag. -->\n\t\t<!-- Start collapsible content div. -->\n\t\t<div class=\"sp-collapse spcollapse spcollapse\" id=\"collapse21371\" data-parent=\"#sp-ea-2137\" role=\"region\" aria-labelledby=\"ea-header-21371\">  <!-- Content div. -->\n\t\t\t<div class=\"ea-body\">\n\t\t\t<p><!-- wp:paragraph --><\/p>\n<p class=\"has-small-font-size\"><strong>La Subasta <\/strong>consiste en la venta de bienes inmuebles al mejor postor, mediante un acto p\u00fablico, en presencia de un Notario y de un Martillero P\u00fablico, en el cual los postores hacen su oferta a viva voz a partir de un precio m\u00ednimo establecido en las Bases de Remate, monto que aumenta por las pujas de los interesados. De existir un s\u00f3lo postor por el m\u00ednimo establecido la propiedad es adjudicada.<\/p>\n<p><!-- \/wp:paragraph --> <!-- wp:paragraph --><\/p>\n<p class=\"has-small-font-size translation-block\"><strong>The Tender <\/strong>is a process in which the offers are presented in a sealed envelope, starting from a minimum price established in the Tender Bases, which is opened in the presence of the seller and the Notary Public, being awarded the property to whoever made the best offer.<\/p>\n<p><!-- \/wp:paragraph --> <!-- wp:paragraph --><\/p>\n<p class=\"has-small-font-size translation-block\">For more information, <a href=\"http:\/\/serviagro.cl\/en\/contacto\/\" target=\"_self\">contact us.<\/a><\/p>\n<p><!-- \/wp:paragraph --><\/p>\n\t\t\t<\/div> <!-- Close content div. -->\n\t\t<\/div> <!-- Close collapse div. -->\n\t<\/div> <!-- Close card div. -->\n\t\t<!-- Start accordion card div. -->\n\t<div class=\"ea-card  sp-ea-single\">\n\t\t<!-- Start accordion header. -->\n\t\t<h3 class=\"ea-header\">\n\t\t\t<!-- Add anchor tag for header. -->\n\t\t\t<a class=\"collapsed\" id=\"ea-header-21372\" data-sptoggle=\"spcollapse\" data-sptarget=\"#collapse21372\" aria-controls=\"collapse21372\" href=\"#\"  aria-expanded=\"false\" tabindex=\"0\">\n\t\t\t<i class=\"ea-expand-icon ea-icon-expand-plus\"><\/i> Long Term Property Leasing\t\t\t<\/a> <!-- Close anchor tag for header. -->\n\t\t<\/h3>\t<!-- Close header tag. -->\n\t\t<!-- Start collapsible content div. -->\n\t\t<div class=\"sp-collapse spcollapse spcollapse\" id=\"collapse21372\" data-parent=\"#sp-ea-2137\" role=\"region\" aria-labelledby=\"ea-header-21372\">  <!-- Content div. -->\n\t\t\t<div class=\"ea-body\">\n\t\t\t<p class=\"has-small-font-size\">Long-term property rental service.<\/p>\n<p><!-- \/wp:paragraph --> <!-- wp:paragraph {\"fontSize\":\"small\"} --><\/p>\n<p class=\"has-small-font-size translation-block\">For more information, <a href=\"http:\/\/serviagro.cl\/en\/contacto\/\" target=\"_self\">contact us.<\/a><\/p>\n\t\t\t<\/div> <!-- Close content div. -->\n\t\t<\/div> <!-- Close collapse div. -->\n\t<\/div> <!-- Close card div. -->\n\t\t<!-- Start accordion card div. -->\n\t<div class=\"ea-card  sp-ea-single\">\n\t\t<!-- Start accordion header. -->\n\t\t<h3 class=\"ea-header\">\n\t\t\t<!-- Add anchor tag for header. -->\n\t\t\t<a class=\"collapsed\" id=\"ea-header-21373\" data-sptoggle=\"spcollapse\" data-sptarget=\"#collapse21373\" aria-controls=\"collapse21373\" href=\"#\"  aria-expanded=\"false\" tabindex=\"0\">\n\t\t\t<i class=\"ea-expand-icon ea-icon-expand-plus\"><\/i> Development of real estate and architecture projects\t\t\t<\/a> <!-- Close anchor tag for header. -->\n\t\t<\/h3>\t<!-- Close header tag. -->\n\t\t<!-- Start collapsible content div. -->\n\t\t<div class=\"sp-collapse spcollapse spcollapse\" id=\"collapse21373\" data-parent=\"#sp-ea-2137\" role=\"region\" aria-labelledby=\"ea-header-21373\">  <!-- Content div. -->\n\t\t\t<div class=\"ea-body\">\n\t\t\t<p class=\"has-small-font-size\">Development service for real estate and architecture projects.<\/p>\n<p><!-- \/wp:paragraph --> <!-- wp:paragraph {\"fontSize\":\"small\"} --><\/p>\n<p class=\"has-small-font-size translation-block\">For more information, <a href=\"http:\/\/serviagro.cl\/en\/contacto\/\" target=\"_self\">contact us.<\/a><\/p>\n\t\t\t<\/div> <!-- Close content div. -->\n\t\t<\/div> <!-- Close collapse div. -->\n\t<\/div> <!-- Close card div. -->\n\t\t<!-- Start accordion card div. -->\n\t<div class=\"ea-card  sp-ea-single\">\n\t\t<!-- Start accordion header. -->\n\t\t<h3 class=\"ea-header\">\n\t\t\t<!-- Add anchor tag for header. -->\n\t\t\t<a class=\"collapsed\" id=\"ea-header-21374\" data-sptoggle=\"spcollapse\" data-sptarget=\"#collapse21374\" aria-controls=\"collapse21374\" href=\"#\"  aria-expanded=\"false\" tabindex=\"0\">\n\t\t\t<i class=\"ea-expand-icon ea-icon-expand-plus\"><\/i> Legal advice\t\t\t<\/a> <!-- Close anchor tag for header. -->\n\t\t<\/h3>\t<!-- Close header tag. -->\n\t\t<!-- Start collapsible content div. -->\n\t\t<div class=\"sp-collapse spcollapse spcollapse\" id=\"collapse21374\" data-parent=\"#sp-ea-2137\" role=\"region\" aria-labelledby=\"ea-header-21374\">  <!-- Content div. -->\n\t\t\t<div class=\"ea-body\">\n\t\t\t<p class=\"has-small-font-size\">Obtaining the legal and technical background necessary to sell, with its corresponding Study of Titles, Preparation of the Deeds of Promise and final Purchase and Sale and Registration of the properties in the respective Real Estate Registrars, with lawyers specialized in real estate, tax areas , mining and water.<\/p>\n<p><!-- \/wp:paragraph --> <!-- wp:paragraph {\"fontSize\":\"small\"} --><\/p>\n<p class=\"has-small-font-size translation-block\">For more information, <a href=\"http:\/\/serviagro.cl\/en\/contacto\/\" target=\"_self\">contact us.<\/a><\/p>\n\t\t\t<\/div> <!-- Close content div. -->\n\t\t<\/div> <!-- Close collapse div. -->\n\t<\/div> <!-- Close card div. -->\n\t\t<!-- Start accordion card div. -->\n\t<div class=\"ea-card  sp-ea-single\">\n\t\t<!-- Start accordion header. -->\n\t\t<h3 class=\"ea-header\">\n\t\t\t<!-- Add anchor tag for header. -->\n\t\t\t<a class=\"collapsed\" id=\"ea-header-21375\" data-sptoggle=\"spcollapse\" data-sptarget=\"#collapse21375\" aria-controls=\"collapse21375\" href=\"#\"  aria-expanded=\"false\" tabindex=\"0\">\n\t\t\t<i class=\"ea-expand-icon ea-icon-expand-plus\"><\/i> Trust Commissions\t\t\t<\/a> <!-- Close anchor tag for header. -->\n\t\t<\/h3>\t<!-- Close header tag. -->\n\t\t<!-- Start collapsible content div. -->\n\t\t<div class=\"sp-collapse spcollapse spcollapse\" id=\"collapse21375\" data-parent=\"#sp-ea-2137\" role=\"region\" aria-labelledby=\"ea-header-21375\">  <!-- Content div. -->\n\t\t\t<div class=\"ea-body\">\n\t\t\t<p class=\"has-small-font-size\">Compra de propiedades a solicitud del interesado, tanto en Chile como en Per\u00fa, Uruguay o Estados Unidos, de acuerdo a los requerimientos del comprador.<\/p>\n<p><!-- \/wp:paragraph --> <!-- wp:paragraph {\"fontSize\":\"small\"} --><\/p>\n<p class=\"has-small-font-size translation-block\">For more information, <a href=\"http:\/\/serviagro.cl\/en\/contacto\/\" target=\"_self\">contact us.<\/a><\/p>\n\t\t\t<\/div> <!-- Close content div. -->\n\t\t<\/div> <!-- Close collapse div. -->\n\t<\/div> <!-- Close card div. -->\n\t\t<!-- Start accordion card div. -->\n\t<div class=\"ea-card  sp-ea-single\">\n\t\t<!-- Start accordion header. -->\n\t\t<h3 class=\"ea-header\">\n\t\t\t<!-- Add anchor tag for header. -->\n\t\t\t<a class=\"collapsed\" id=\"ea-header-21376\" data-sptoggle=\"spcollapse\" data-sptarget=\"#collapse21376\" aria-controls=\"collapse21376\" href=\"#\"  aria-expanded=\"false\" tabindex=\"0\">\n\t\t\t<i class=\"ea-expand-icon ea-icon-expand-plus\"><\/i> Appraisals\t\t\t<\/a> <!-- Close anchor tag for header. -->\n\t\t<\/h3>\t<!-- Close header tag. -->\n\t\t<!-- Start collapsible content div. -->\n\t\t<div class=\"sp-collapse spcollapse spcollapse\" id=\"collapse21376\" data-parent=\"#sp-ea-2137\" role=\"region\" aria-labelledby=\"ea-header-21376\">  <!-- Content div. -->\n\t\t\t<div class=\"ea-body\">\n\t\t\t<p class=\"has-small-font-size\">Valuation service for your property.<\/p>\n<p><!-- \/wp:paragraph --> <!-- wp:paragraph {\"fontSize\":\"small\"} --><\/p>\n<p class=\"has-small-font-size translation-block\">For more information, <a href=\"http:\/\/serviagro.cl\/en\/contacto\/\" target=\"_self\">contact us.<\/a><\/p>\n\t\t\t<\/div> <!-- Close content div. -->\n\t\t<\/div> <!-- Close collapse div. -->\n\t<\/div> <!-- Close card div. -->\n\t<\/div>\n<\/div>\n\n\n\n\n<div style=\"height:10px\" aria-hidden=\"true\" class=\"wp-block-spacer\"><\/div>\n\n\n\n<div class=\"wp-block-buttons is-content-justification-center is-layout-flex wp-container-core-buttons-is-layout-a89b3969 wp-block-buttons-is-layout-flex\">\n<div class=\"wp-block-button\"><a class=\"wp-block-button__link wp-element-button\" href=\"http:\/\/serviagro.cl\/en\/contacto\/\" style=\"border-radius:0px\">Give us your property \u2013 Contact us<\/a><\/div>\n<\/div>\n<\/div>\n<\/div>","protected":false},"excerpt":{"rendered":"<p>Our services:<\/p>","protected":false},"author":1,"featured_media":0,"parent":0,"menu_order":0,"comment_status":"closed","ping_status":"closed","template":"","meta":{"footnotes":""},"class_list":["post-13","page","type-page","status-publish","hentry"],"_links":{"self":[{"href":"https:\/\/serviagro.cl\/en\/wp-json\/wp\/v2\/pages\/13","targetHints":{"allow":["GET"]}}],"collection":[{"href":"https:\/\/serviagro.cl\/en\/wp-json\/wp\/v2\/pages"}],"about":[{"href":"https:\/\/serviagro.cl\/en\/wp-json\/wp\/v2\/types\/page"}],"author":[{"embeddable":true,"href":"https:\/\/serviagro.cl\/en\/wp-json\/wp\/v2\/users\/1"}],"replies":[{"embeddable":true,"href":"https:\/\/serviagro.cl\/en\/wp-json\/wp\/v2\/comments?post=13"}],"version-history":[{"count":49,"href":"https:\/\/serviagro.cl\/en\/wp-json\/wp\/v2\/pages\/13\/revisions"}],"predecessor-version":[{"id":4346,"href":"https:\/\/serviagro.cl\/en\/wp-json\/wp\/v2\/pages\/13\/revisions\/4346"}],"wp:attachment":[{"href":"https:\/\/serviagro.cl\/en\/wp-json\/wp\/v2\/media?parent=13"}],"curies":[{"name":"wp","href":"https:\/\/api.w.org\/{rel}","templated":true}]}}